{"id":39,"date":"2020-03-18T16:44:44","date_gmt":"2020-03-18T16:44:44","guid":{"rendered":"https:\/\/alloggio.qodeinteractive.com\/?page_id=39"},"modified":"2024-12-09T09:49:19","modified_gmt":"2024-12-09T09:49:19","slug":"main-home","status":"publish","type":"page","link":"https:\/\/serenityaqua.gr\/de\/","title":{"rendered":"Main Home"},"content":{"rendered":"<div data-elementor-type=\"wp-page\" data-elementor-id=\"39\" class=\"elementor elementor-39\">\n\t\t\t\t\t\t<section class=\"elementor-section elementor-top-section elementor-element elementor-element-d81f97c elementor-section-full_width elementor-section-height-default elementor-section-height-default qodef-elementor-content-no\" data-id=\"d81f97c\" data-element_type=\"section\">\n\t\t\t\t\t\t<div class=\"elementor-container elementor-column-gap-no\">\n\t\t\t\t\t<div class=\"elementor-column elementor-col-100 elementor-top-column elementor-element elementor-element-308feb5\" data-id=\"308feb5\" data-element_type=\"column\">\n\t\t\t<div class=\"elementor-widget-wrap\">\n\t\t\t\t\t\t\t<\/div>\n\t\t<\/div>\n\t\t\t\t\t<\/div>\n\t\t<\/section>\n\t\t<div class=\"elementor-element elementor-element-bb91ad3 e-flex e-con-boxed e-con e-parent\" data-id=\"bb91ad3\" data-element_type=\"container\">\n\t\t\t\t\t<div class=\"e-con-inner\">\n\t\t\t\t<div class=\"elementor-element elementor-element-652cd28 elementor-widget elementor-widget-image\" data-id=\"652cd28\" data-element_type=\"widget\" data-widget_type=\"image.default\">\n\t\t\t\t<div class=\"elementor-widget-container\">\n\t\t\t<style>\/*! elementor - v3.23.0 - 25-07-2024 *\/\n.elementor-widget-image{text-align:center}.elementor-widget-image a{display:inline-block}.elementor-widget-image a img[src$=\".svg\"]{width:48px}.elementor-widget-image img{vertical-align:middle;display:inline-block}<\/style>\t\t\t\t\t\t\t\t\t\t<img fetchpriority=\"high\" decoding=\"async\" width=\"1920\" height=\"1080\" src=\"https:\/\/serenityaqua.gr\/wp-content\/uploads\/2020\/03\/8.jpg\" class=\"attachment-full size-full wp-image-5296\" alt=\"\" srcset=\"https:\/\/serenityaqua.gr\/wp-content\/uploads\/2020\/03\/8.jpg 1920w, https:\/\/serenityaqua.gr\/wp-content\/uploads\/2020\/03\/8-300x169.jpg 300w, https:\/\/serenityaqua.gr\/wp-content\/uploads\/2020\/03\/8-1024x576.jpg 1024w, https:\/\/serenityaqua.gr\/wp-content\/uploads\/2020\/03\/8-768x432.jpg 768w, https:\/\/serenityaqua.gr\/wp-content\/uploads\/2020\/03\/8-1536x864.jpg 1536w\" sizes=\"(max-width: 1920px) 100vw, 1920px\" \/>\t\t\t\t\t\t\t\t\t\t\t\t\t<\/div>\n\t\t\t\t<\/div>\n\t\t\t\t\t<\/div>\n\t\t\t\t<\/div>\n\t\t\t\t<section class=\"elementor-section elementor-top-section elementor-element elementor-element-b0df7e3 elementor-section-full_width elementor-section-height-default elementor-section-height-default qodef-elementor-content-no\" data-id=\"b0df7e3\" data-element_type=\"section\">\n\t\t\t\t\t\t<div class=\"elementor-container elementor-column-gap-no\">\n\t\t\t\t\t<div class=\"elementor-column elementor-col-100 elementor-top-column elementor-element elementor-element-2340c66\" data-id=\"2340c66\" data-element_type=\"column\">\n\t\t\t<div class=\"elementor-widget-wrap elementor-element-populated\">\n\t\t\t\t\t\t<div class=\"elementor-element elementor-element-fc428ed elementor-widget elementor-widget-alloggio_core_section_title\" data-id=\"fc428ed\" data-element_type=\"widget\" data-widget_type=\"alloggio_core_section_title.default\">\n\t\t\t\t<div class=\"elementor-widget-container\">\n\t\t\t<div class=\"qodef-shortcode qodef-m  qodef-section-title qodef-alignment--center\">\n\t\t<h2 class=\"qodef-m-title\" >\n\t\t\t\t\tSerenity Aqua <br>\u2605\u2605\u2605\u2605\t\t\t<\/h2>\n\t\t<span class=\"qodef-m-text\" >Das neu erbaute Serenity Aqua f\u00fcr 2025 soll das touristische Produkt des Unternehmens vervollst\u00e4ndigen und die speziellen Bed\u00fcrfnisse der Kunden erf\u00fcllen, die jetzt hochwertige Dienstleistungen f\u00fcr ihren Sommerurlaub suchen. Auf einer Fl\u00e4che von 10.000 m2 gelegen, zielt es darauf ab, die Nachfrage nach einem ruhigen Urlaub mit hochwertigen Dienstleistungen zu befriedigen. \nDie Entfernung vom Flughafen Rhodos betr\u00e4gt 35 km\n<\/span>\n<\/div>\t\t<\/div>\n\t\t\t\t<\/div>\n\t\t\t\t\t<\/div>\n\t\t<\/div>\n\t\t\t\t\t<\/div>\n\t\t<\/section>\n\t\t\t\t<section class=\"elementor-section elementor-top-section elementor-element elementor-element-14a65f6 qodef-elementor-content-grid elementor-section-boxed elementor-section-height-default elementor-section-height-default\" data-id=\"14a65f6\" data-element_type=\"section\">\n\t\t\t\t\t\t<div class=\"elementor-container elementor-column-gap-no\">\n\t\t\t\t\t<div class=\"elementor-column elementor-col-100 elementor-top-column elementor-element elementor-element-82a8d1a\" data-id=\"82a8d1a\" data-element_type=\"column\">\n\t\t\t<div class=\"elementor-widget-wrap elementor-element-populated\">\n\t\t\t\t\t\t<div class=\"elementor-element elementor-element-e80872f elementor-widget elementor-widget-alloggio_core_room_list\" data-id=\"e80872f\" data-element_type=\"widget\" data-widget_type=\"alloggio_core_room_list.default\">\n\t\t\t\t<div class=\"elementor-widget-container\">\n\t\t\t<div class=\"qodef-shortcode qodef-m  qodef-room-list qodef-layout--boxed   qodef-grid qodef-swiper-container  qodef-gutter--huge qodef-col-num--2 qodef-item-layout--boxed qodef--no-bottom-space qodef-pagination--off qodef-responsive--custom qodef-col-num--1440--2 qodef-col-num--1366--2 qodef-col-num--1024--2 qodef-col-num--768--1 qodef-col-num--680--1 qodef-col-num--480--1\" data-options=\"{&quot;slidesPerView&quot;:&quot;2&quot;,&quot;spaceBetween&quot;:40,&quot;loop&quot;:true,&quot;autoplay&quot;:true,&quot;speed&quot;:&quot;&quot;,&quot;speedAnimation&quot;:&quot;&quot;,&quot;slideAnimation&quot;:&quot;&quot;,&quot;customStages&quot;:true,&quot;slidesPerView1440&quot;:&quot;2&quot;,&quot;slidesPerView1366&quot;:&quot;2&quot;,&quot;slidesPerView1024&quot;:&quot;2&quot;,&quot;slidesPerView768&quot;:&quot;1&quot;,&quot;slidesPerView680&quot;:&quot;1&quot;,&quot;slidesPerView480&quot;:&quot;1&quot;,&quot;unique&quot;:&quot;1&quot;,&quot;outsideNavigation&quot;:&quot;yes&quot;}\" data-pause-on-hover=\"yes\">\n\t<div class=\"swiper-wrapper\">\n\t\t<article class=\"qodef-e qodef-room-list-item swiper-slide qodef-item--full\" >\n\t<div class=\"qodef-e-inner\">\n\t\t<div class=\"qodef-e-media\">\n\t\t\t<div class=\"qodef-e-img-holder\">\n\t\t\t\t\t<div class=\"qodef-e-media-image\" data-swiper-parallax=\"27%\">\n\t\t<a itemprop=\"url\" href=\"https:\/\/serenityaqua.gr\/de\/room\/marias-home\/\">\n\t\t\t<img decoding=\"async\" width=\"1920\" height=\"1080\" src=\"https:\/\/serenityaqua.gr\/wp-content\/uploads\/2020\/03\/12.jpg\" class=\"attachment-full size-full\" alt=\"\" srcset=\"https:\/\/serenityaqua.gr\/wp-content\/uploads\/2020\/03\/12.jpg 1920w, https:\/\/serenityaqua.gr\/wp-content\/uploads\/2020\/03\/12-300x169.jpg 300w, https:\/\/serenityaqua.gr\/wp-content\/uploads\/2020\/03\/12-1024x576.jpg 1024w, https:\/\/serenityaqua.gr\/wp-content\/uploads\/2020\/03\/12-768x432.jpg 768w, https:\/\/serenityaqua.gr\/wp-content\/uploads\/2020\/03\/12-1536x864.jpg 1536w, https:\/\/serenityaqua.gr\/wp-content\/uploads\/2020\/03\/12-600x338.jpg 600w\" sizes=\"(max-width: 1920px) 100vw, 1920px\" \/>\t\t<\/a>\n\t<\/div>\n\t\t\t<\/div>\n\t\t<\/div>\n\t\t<div class=\"qodef-e-content\">\n\t\t\t<div class=\"qodef-e-heading\">\n\t\t\t\t<h3 itemprop=\"name\" class=\"qodef-e-title entry-title\" >\n\t<a itemprop=\"url\" href=\"https:\/\/serenityaqua.gr\/de\/room\/marias-home\/\">\n\t\tRoom with Sharing Pool\t<\/a>\n<\/h3>\t\t\t\t\t<span class=\"qodef-e-price\">\n\t\t<span class=\"qodef-e-price-label\">from<\/span>\n\t\t<span class=\"qodef-e-price-value\">$50<\/span>\n\t<\/span>\n\t\t\t<\/div>\n\t\t\t<div class=\"qodef-e-info-items\">\n\t\t\t\t\t<span class=\"qodef-e-price\">\n\t\t<span class=\"qodef-e-price-label\">from<\/span>\n\t\t<span class=\"qodef-e-price-value\">$50<\/span>\n\t<\/span>\n\t\t\t\t\t<span class=\"qodef-e-room-size\">33m2<\/span>\n\t\t\t\t\t<span class=\"qodef-e-capacity\">2-4 person<\/span>\n\t\t\t<\/div>\n\t\t\t\t\t<p itemprop=\"description\" class=\"qodef-e-excerpt\">30 Rooms (Ground Floor) with Communal Pool: Accommodating up to 4 people (from 7 years old)<\/p>\n\t\t\t\t<div class=\"qodef-e-button\">\n\t<a class=\"qodef-shortcode qodef-m  qodef-button qodef-layout--textual qodef-size--normal qodef-html--link\" href=\"https:\/\/serenityaqua.gr\/de\/room\/marias-home\/\" target=\"_self\"  >\t<span class=\"qodef-m-text\">Book Now<\/span>\t<span class=\"qodef-m-plus\"><\/span><\/a>\t\t<\/div>\t\t<\/div>\n\t<\/div>\n<\/article><article class=\"qodef-e qodef-room-list-item swiper-slide qodef-item--full\" >\n\t<div class=\"qodef-e-inner\">\n\t\t<div class=\"qodef-e-media\">\n\t\t\t<div class=\"qodef-e-img-holder\">\n\t\t\t\t\t<div class=\"qodef-e-media-image\" data-swiper-parallax=\"27%\">\n\t\t<a itemprop=\"url\" href=\"https:\/\/serenityaqua.gr\/de\/room\/bright-suite\/\">\n\t\t\t<img decoding=\"async\" width=\"1920\" height=\"1080\" src=\"https:\/\/serenityaqua.gr\/wp-content\/uploads\/2020\/03\/14.jpg\" class=\"attachment-full size-full\" alt=\"\" srcset=\"https:\/\/serenityaqua.gr\/wp-content\/uploads\/2020\/03\/14.jpg 1920w, https:\/\/serenityaqua.gr\/wp-content\/uploads\/2020\/03\/14-300x169.jpg 300w, https:\/\/serenityaqua.gr\/wp-content\/uploads\/2020\/03\/14-1024x576.jpg 1024w, https:\/\/serenityaqua.gr\/wp-content\/uploads\/2020\/03\/14-768x432.jpg 768w, https:\/\/serenityaqua.gr\/wp-content\/uploads\/2020\/03\/14-1536x864.jpg 1536w, https:\/\/serenityaqua.gr\/wp-content\/uploads\/2020\/03\/14-600x338.jpg 600w\" sizes=\"(max-width: 1920px) 100vw, 1920px\" \/>\t\t<\/a>\n\t<\/div>\n\t\t\t<\/div>\n\t\t<\/div>\n\t\t<div class=\"qodef-e-content\">\n\t\t\t<div class=\"qodef-e-heading\">\n\t\t\t\t<h3 itemprop=\"name\" class=\"qodef-e-title entry-title\" >\n\t<a itemprop=\"url\" href=\"https:\/\/serenityaqua.gr\/de\/room\/bright-suite\/\">\n\t\tZimmer mit Balkon\t<\/a>\n<\/h3>\t\t\t\t\t<span class=\"qodef-e-price\">\n\t\t<span class=\"qodef-e-price-label\">from<\/span>\n\t\t<span class=\"qodef-e-price-value\">$105<\/span>\n\t<\/span>\n\t\t\t<\/div>\n\t\t\t<div class=\"qodef-e-info-items\">\n\t\t\t\t\t<span class=\"qodef-e-price\">\n\t\t<span class=\"qodef-e-price-label\">from<\/span>\n\t\t<span class=\"qodef-e-price-value\">$105<\/span>\n\t<\/span>\n\t\t\t\t\t<span class=\"qodef-e-room-size\">33m2<\/span>\n\t\t\t\t\t<span class=\"qodef-e-capacity\">2-4 person<\/span>\n\t\t\t<\/div>\n\t\t\t\t\t<p itemprop=\"description\" class=\"qodef-e-excerpt\">30 Rooms (First Floor) with Balcony: Accommodating up to 4 people (from 7 years old)<\/p>\n\t\t\t\t<div class=\"qodef-e-button\">\n\t<a class=\"qodef-shortcode qodef-m  qodef-button qodef-layout--textual qodef-size--normal qodef-html--link\" href=\"https:\/\/serenityaqua.gr\/de\/room\/bright-suite\/\" target=\"_self\"  >\t<span class=\"qodef-m-text\">Book Now<\/span>\t<span class=\"qodef-m-plus\"><\/span><\/a>\t\t<\/div>\t\t<\/div>\n\t<\/div>\n<\/article>\t<\/div>\n\t\t<\/div>\n<div class=\"swiper-button-next swiper-button-outside swiper-button-next-1\"><svg xmlns=\"http:\/\/www.w3.org\/2000\/svg\" xmlns:xlink=\"http:\/\/www.w3.org\/1999\/xlink\" x=\"0px\" y=\"0px\" viewbox=\"0 0 26 50.9\" xml:space=\"preserve\"><polyline points=\"0.4,50.6 25.3,25.5 0.4,0.4 \"\/><\/svg><\/div>\n<div class=\"swiper-button-prev swiper-button-outside swiper-button-prev-1\"><svg xmlns=\"http:\/\/www.w3.org\/2000\/svg\" xmlns:xlink=\"http:\/\/www.w3.org\/1999\/xlink\" x=\"0px\" y=\"0px\" viewbox=\"0 0 26 50.9\" xml:space=\"preserve\"><polyline points=\"25.6,0.4 0.7,25.5 25.6,50.6 \"\/><\/svg><\/div>\t\t<\/div>\n\t\t\t\t<\/div>\n\t\t\t\t\t<\/div>\n\t\t<\/div>\n\t\t\t\t\t<\/div>\n\t\t<\/section>\n\t\t\t\t<section class=\"elementor-section elementor-top-section elementor-element elementor-element-7b70732 elementor-section-full_width qodef-elementor-content-grid elementor-section-height-default elementor-section-height-default\" data-id=\"7b70732\" data-element_type=\"section\">\n\t\t\t\t\t\t<div class=\"elementor-container elementor-column-gap-no\">\n\t\t\t\t\t<div class=\"elementor-column elementor-col-100 elementor-top-column elementor-element elementor-element-90d5c47\" data-id=\"90d5c47\" data-element_type=\"column\">\n\t\t\t<div class=\"elementor-widget-wrap\">\n\t\t\t\t\t\t\t<\/div>\n\t\t<\/div>\n\t\t\t\t\t<\/div>\n\t\t<\/section>\n\t\t\t\t<section class=\"elementor-section elementor-top-section elementor-element elementor-element-c5704e4 elementor-section-full_width elementor-section-height-default elementor-section-height-default qodef-elementor-content-no\" data-id=\"c5704e4\" data-element_type=\"section\">\n\t\t\t\t\t\t<div class=\"elementor-container elementor-column-gap-no\">\n\t\t\t\t\t<div class=\"elementor-column elementor-col-100 elementor-top-column elementor-element elementor-element-899a073\" data-id=\"899a073\" data-element_type=\"column\">\n\t\t\t<div class=\"elementor-widget-wrap elementor-element-populated\">\n\t\t\t\t\t\t<div class=\"elementor-element elementor-element-bbc761e elementor-widget elementor-widget-alloggio_core_section_title\" data-id=\"bbc761e\" data-element_type=\"widget\" data-widget_type=\"alloggio_core_section_title.default\">\n\t\t\t\t<div class=\"elementor-widget-container\">\n\t\t\t<div class=\"qodef-shortcode qodef-m  qodef-section-title qodef-alignment--center\">\n\t\t<h2 class=\"qodef-m-title\" >\n\t\t\t\t\tDER STRAND\t\t\t<\/h2>\n\t\t<span class=\"qodef-m-text\" >Die steinkonstruktionen bieten neben der verbesserung der \u00e4sthetik eine alternative quelle der k\u00fchle. sie kehren zu den wurzeln einer architektur zur\u00fcck, die auf nat\u00fcrlichen materialien und einer traditionellen bauweise basiert, die auf energieeinsparung und nutzung der nat\u00fcrlichen ressourcen der umwelt abzielt. Der wechsel zwischen der gr\u00fcnen landschaft und dem zentralen pool schafft einen idealen ort f\u00fcr entspannung und wohlbefinden.<\/span>\n<\/div>\t\t<\/div>\n\t\t\t\t<\/div>\n\t\t\t\t\t<\/div>\n\t\t<\/div>\n\t\t\t\t\t<\/div>\n\t\t<\/section>\n\t\t\t\t<section class=\"elementor-section elementor-top-section elementor-element elementor-element-0b0ed98 elementor-section-full_width qodef-elementor-content-grid elementor-section-height-default elementor-section-height-default\" data-id=\"0b0ed98\" data-element_type=\"section\">\n\t\t\t\t\t\t<div class=\"elementor-container elementor-column-gap-no\">\n\t\t\t\t\t<div class=\"elementor-column elementor-col-100 elementor-top-column elementor-element elementor-element-d65ef88\" data-id=\"d65ef88\" data-element_type=\"column\">\n\t\t\t<div class=\"elementor-widget-wrap elementor-element-populated\">\n\t\t\t\t\t\t<div class=\"elementor-element elementor-element-2dff838 elementor-widget elementor-widget-alloggio_core_banner\" data-id=\"2dff838\" data-element_type=\"widget\" data-widget_type=\"alloggio_core_banner.default\">\n\t\t\t\t<div class=\"elementor-widget-container\">\n\t\t\t<div class=\"qodef-shortcode qodef-m  qodef-banner qodef-layout--link-overlay qodef--has-text qodef--has-button\">\n\t<div class=\"qodef-m-image\">\n\t<img loading=\"lazy\" decoding=\"async\" width=\"1300\" height=\"592\" src=\"https:\/\/serenityaqua.gr\/wp-content\/uploads\/2024\/08\/kolymbia.jpg\" class=\"attachment-full size-full\" alt=\"\" srcset=\"https:\/\/serenityaqua.gr\/wp-content\/uploads\/2024\/08\/kolymbia.jpg 1300w, https:\/\/serenityaqua.gr\/wp-content\/uploads\/2024\/08\/kolymbia-300x137.jpg 300w, https:\/\/serenityaqua.gr\/wp-content\/uploads\/2024\/08\/kolymbia-1024x466.jpg 1024w, https:\/\/serenityaqua.gr\/wp-content\/uploads\/2024\/08\/kolymbia-768x350.jpg 768w, https:\/\/serenityaqua.gr\/wp-content\/uploads\/2024\/08\/kolymbia-600x273.jpg 600w\" sizes=\"(max-width: 1300px) 100vw, 1300px\" \/>\t<a itemprop=\"url\" href=\"https:\/\/alloggio.qodeinteractive.com\/about-us\/\" class=\"qodef-m-banner-link\" target=\"_self\"><\/a>\n<\/div>\t<div class=\"qodef-m-content\">\n\t\t<div class=\"qodef-m-content-inner\" style=\"padding: 32px 4% 36px 36px\">\n\t\t\t<div class=\"qodef-m-content-inner-background\" ><\/div>\n\t\t\t<div class=\"qodef-m-content-inner-holder\">\n\t\t\t\t\t<h3 class=\"qodef-m-title\" >ATTRACTIONS<\/h3>\n\t\t\t\t\t<p class=\"qodef-m-text\" >The location of Kolymbia, essentially in the center of the island, makes it ideal for day trips to the island&#039;s attractions, allowing residents to return for intermediate meals and necessary rest. <\/p>\n\t\t\t\t\t<div class=\"qodef-m-button\">\n\t\t<a class=\"qodef-shortcode qodef-m  qodef-button qodef-layout--textual  qodef-html--link\" href=\"https:\/\/alloggio.qodeinteractive.com\/about-us\/\" target=\"_self\"  style=\"margin: 15px 0px 6px 0px\">\t<span class=\"qodef-m-text\">Read more<\/span>\t<span class=\"qodef-m-plus\"><\/span><\/a>\t<\/div>\n\t\t\t\t<a itemprop=\"url\" href=\"https:\/\/alloggio.qodeinteractive.com\/about-us\/\" class=\"qodef-m-banner-link\" target=\"_self\"><\/a>\n\t\t\t<\/div>\n\t\t\t<a itemprop=\"url\" href=\"https:\/\/alloggio.qodeinteractive.com\/about-us\/\" class=\"qodef-m-banner-link\" target=\"_self\"><\/a>\n\t\t<\/div>\n\t<\/div>\n<\/div>\n\t\t<\/div>\n\t\t\t\t<\/div>\n\t\t\t\t\t<\/div>\n\t\t<\/div>\n\t\t\t\t\t<\/div>\n\t\t<\/section>\n\t\t\t\t<section class=\"elementor-section elementor-top-section elementor-element elementor-element-51275c6 elementor-section-full_width elementor-section-height-default elementor-section-height-default qodef-elementor-content-no\" data-id=\"51275c6\" data-element_type=\"section\">\n\t\t\t\t\t\t<div class=\"elementor-container elementor-column-gap-no\">\n\t\t\t\t\t<div class=\"elementor-column elementor-col-100 elementor-top-column elementor-element elementor-element-ec83a18\" data-id=\"ec83a18\" data-element_type=\"column\">\n\t\t\t<div class=\"elementor-widget-wrap elementor-element-populated\">\n\t\t\t\t\t\t<div class=\"elementor-element elementor-element-ea7b0ea elementor-widget elementor-widget-alloggio_core_centered_slider\" data-id=\"ea7b0ea\" data-element_type=\"widget\" data-widget_type=\"alloggio_core_centered_slider.default\">\n\t\t\t\t<div class=\"elementor-widget-container\">\n\t\t\t<div class=\"qodef-shortcode qodef-m  qodef-centered-slider qodef-swiper-container qodef---has-hover\" data-options=\"{&quot;slidesPerView&quot;:&quot;auto&quot;,&quot;slidesPerView1440&quot;:&quot;auto&quot;,&quot;slidesPerView1366&quot;:&quot;auto&quot;,&quot;slidesPerView1024&quot;:&quot;auto&quot;,&quot;slidesPerView768&quot;:&quot;1&quot;,&quot;centeredSlides&quot;:&quot;true&quot;}\">\n\t<div class=\"swiper-wrapper\">\n\t\t\t\t\t<div class=\"qodef-m-item swiper-slide\">\n\t\t\t\t\t\t\t\t\t<div class=\"qodef-m-image-holder\"><div class=\"qodef-m-image\">\n\t\t\t\t\t\t<img decoding=\"async\" src=\"https:\/\/serenityaqua.gr\/wp-content\/uploads\/2024\/08\/1.jpg\" alt=\"\"\/>\n\t\t\t\t\t<\/div><\/div>\n\t\t\t\t\t\t\t\t\t\t\t\t\t\t\t<\/div>\n\t\t\t\t\t<div class=\"qodef-m-item swiper-slide\">\n\t\t\t\t\t\t\t\t\t<div class=\"qodef-m-image-holder\"><div class=\"qodef-m-image\">\n\t\t\t\t\t\t<img decoding=\"async\" src=\"https:\/\/serenityaqua.gr\/wp-content\/uploads\/2024\/08\/18.jpg\" alt=\"\"\/>\n\t\t\t\t\t<\/div><\/div>\n\t\t\t\t\t\t\t\t\t\t\t\t\t\t\t<\/div>\n\t\t\t\t\t<div class=\"qodef-m-item swiper-slide\">\n\t\t\t\t\t\t\t\t\t<div class=\"qodef-m-image-holder\"><div class=\"qodef-m-image\">\n\t\t\t\t\t\t<img decoding=\"async\" src=\"https:\/\/serenityaqua.gr\/wp-content\/uploads\/2024\/08\/2.jpg\" alt=\"\"\/>\n\t\t\t\t\t<\/div><\/div>\n\t\t\t\t\t\t\t\t\t\t\t\t\t\t\t<\/div>\n\t\t\t\t\t<div class=\"qodef-m-item swiper-slide\">\n\t\t\t\t\t\t\t\t\t<div class=\"qodef-m-image-holder\"><div class=\"qodef-m-image\">\n\t\t\t\t\t\t<img decoding=\"async\" src=\"https:\/\/serenityaqua.gr\/wp-content\/uploads\/2024\/08\/6.jpg\" alt=\"\"\/>\n\t\t\t\t\t<\/div><\/div>\n\t\t\t\t\t\t\t\t\t\t\t\t\t\t\t<\/div>\n\t\t\t\t\t<div class=\"qodef-m-item swiper-slide\">\n\t\t\t\t\t\t\t\t\t<div class=\"qodef-m-image-holder\"><div class=\"qodef-m-image\">\n\t\t\t\t\t\t<img decoding=\"async\" src=\"https:\/\/serenityaqua.gr\/wp-content\/uploads\/2024\/08\/16.jpg\" alt=\"\"\/>\n\t\t\t\t\t<\/div><\/div>\n\t\t\t\t\t\t\t\t\t\t\t\t\t\t\t<\/div>\n\t\t\t<\/div>\n\t\t<div class=\"swiper-pagination\"><\/div><\/div>\t\t<\/div>\n\t\t\t\t<\/div>\n\t\t\t\t\t<\/div>\n\t\t<\/div>\n\t\t\t\t\t<\/div>\n\t\t<\/section>\n\t\t\t\t<section class=\"elementor-section elementor-top-section elementor-element elementor-element-d3d8918 elementor-section-full_width elementor-section-height-default elementor-section-height-default qodef-elementor-content-no\" data-id=\"d3d8918\" data-element_type=\"section\">\n\t\t\t\t\t\t<div class=\"elementor-container elementor-column-gap-no\">\n\t\t\t\t\t<div class=\"elementor-column elementor-col-100 elementor-top-column elementor-element elementor-element-ffe1b3f\" data-id=\"ffe1b3f\" data-element_type=\"column\">\n\t\t\t<div class=\"elementor-widget-wrap elementor-element-populated\">\n\t\t\t\t\t\t<div class=\"elementor-element elementor-element-0bf0084 elementor-widget elementor-widget-alloggio_core_section_title\" data-id=\"0bf0084\" data-element_type=\"widget\" data-widget_type=\"alloggio_core_section_title.default\">\n\t\t\t\t<div class=\"elementor-widget-container\">\n\t\t\t<div class=\"qodef-shortcode qodef-m  qodef-section-title qodef-alignment--center\">\n\t\t<h2 class=\"qodef-m-title\" >\n\t\t\t\t\tLANDSCHAFT\t\t\t<\/h2>\n\t\t<span class=\"qodef-m-text\" >Die steinkonstruktionen bieten neben der verbesserung der \u00e4sthetik eine alternative quelle der k\u00fchle. sie kehren zu den wurzeln einer architektur zur\u00fcck, die auf nat\u00fcrlichen materialien und einer traditionellen bauweise basiert, die auf energieeinsparung und nutzung der nat\u00fcrlichen ressourcen der umwelt abzielt. Der wechsel zwischen der gr\u00fcnen landschaft und dem zentralen pool schafft einen idealen ort f\u00fcr entspannung und wohlbefinden.<\/span>\n<\/div>\t\t<\/div>\n\t\t\t\t<\/div>\n\t\t\t\t\t<\/div>\n\t\t<\/div>\n\t\t\t\t\t<\/div>\n\t\t<\/section>\n\t\t\t\t<section class=\"elementor-section elementor-top-section elementor-element elementor-element-01fecee elementor-section-full_width elementor-section-height-default elementor-section-height-default qodef-elementor-content-no\" data-id=\"01fecee\" data-element_type=\"section\">\n\t\t\t\t\t\t<div class=\"elementor-container elementor-column-gap-no\">\n\t\t\t\t\t<div class=\"elementor-column elementor-col-100 elementor-top-column elementor-element elementor-element-b65c8da\" data-id=\"b65c8da\" data-element_type=\"column\" data-settings=\"{&quot;background_background&quot;:&quot;classic&quot;}\">\n\t\t\t<div class=\"elementor-widget-wrap elementor-element-populated\">\n\t\t\t\t\t\t<div class=\"elementor-element elementor-element-976ad44 elementor-widget elementor-widget-wp-widget-alloggio_core_contact_form_7\" data-id=\"976ad44\" data-element_type=\"widget\" data-widget_type=\"wp-widget-alloggio_core_contact_form_7.default\">\n\t\t\t\t<div class=\"elementor-widget-container\">\n\t\t\t\t\t\t<div class=\"qodef-contact-form-7\">\n\t\t\t\t\n<div class=\"wpcf7 no-js\" id=\"wpcf7-f257-o1\" lang=\"en-US\" dir=\"ltr\">\n<div class=\"screen-reader-response\"><p role=\"status\" aria-live=\"polite\" aria-atomic=\"true\"><\/p> <ul><\/ul><\/div>\n<form action=\"\/de\/wp-json\/wp\/v2\/pages\/39#wpcf7-f257-o1\" method=\"post\" class=\"wpcf7-form init demo\" aria-label=\"Contact form\" novalidate=\"novalidate\" data-status=\"init\" data-trp-original-action=\"\/de\/wp-json\/wp\/v2\/pages\/39#wpcf7-f257-o1\">\n<div style=\"display: none;\">\n<input type=\"hidden\" name=\"_wpcf7\" value=\"257\" \/>\n<input type=\"hidden\" name=\"_wpcf7_version\" value=\"5.9.8\" \/>\n<input type=\"hidden\" name=\"_wpcf7_locale\" value=\"en_US\" \/>\n<input type=\"hidden\" name=\"_wpcf7_unit_tag\" value=\"wpcf7-f257-o1\" \/>\n<input type=\"hidden\" name=\"_wpcf7_container_post\" value=\"0\" \/>\n<input type=\"hidden\" name=\"_wpcf7_posted_data_hash\" value=\"\" \/>\n<\/div>\n<div class=\"qodef-newsletter-form-style\">\n<h2 class=\"qodef-e-title\"><span class=\"icon-basic-mail-open-text qodef-e-icon\"><\/span>Abonnieren Sie unseren w\u00f6chentlichen Newsletter<\/h2><span class=\"wpcf7-form-control-wrap\" data-name=\"your-email\"><input size=\"40\" maxlength=\"400\" class=\"wpcf7-form-control wpcf7-email wpcf7-validates-as-required wpcf7-text wpcf7-validates-as-email\" aria-required=\"true\" aria-invalid=\"false\" placeholder=\"Email Address\" value=\"\" type=\"email\" name=\"your-email\" \/><\/span><button class=\"wpcf7-form-control wpcf7-submit qodef-button qodef-size--normal qodef-type--outlined qodef-m\" type=\"submit\"><span class=\"qodef-m-text\">Melden Sie mich an<\/span><\/button>\n<\/div><div class=\"wpcf7-response-output\" aria-hidden=\"true\"><\/div>\n<input type=\"hidden\" name=\"trp-form-language\" value=\"de\"\/><\/form>\n<\/div>\n\t\t\t<\/div>\n\t\t\t\t\t<\/div>\n\t\t\t\t<\/div>\n\t\t\t\t\t<\/div>\n\t\t<\/div>\n\t\t\t\t\t<\/div>\n\t\t<\/section>\n\t\t\t\t<\/div>","protected":false},"excerpt":{"rendered":"<p>Serenity Aqua \u2605\u2605\u2605\u2605 The Serenity Aqua meeting the specialized needs of customers who now seek high-quality services for their summer vacations. Situated on a 10,000 sq.m. area, it aims to satisfy the demand for quiet vacations with high-level services. The distance from Rhodes airport is 35 km. Room with Sharing Pool from $50 from $50 [&hellip;]<\/p>","protected":false},"author":1,"featured_media":0,"parent":0,"menu_order":0,"comment_status":"closed","ping_status":"closed","template":"page-full-width.php","meta":{"footnotes":""},"class_list":["post-39","page","type-page","status-publish","hentry"],"_links":{"self":[{"href":"https:\/\/serenityaqua.gr\/de\/wp-json\/wp\/v2\/pages\/39","targetHints":{"allow":["GET"]}}],"collection":[{"href":"https:\/\/serenityaqua.gr\/de\/wp-json\/wp\/v2\/pages"}],"about":[{"href":"https:\/\/serenityaqua.gr\/de\/wp-json\/wp\/v2\/types\/page"}],"author":[{"embeddable":true,"href":"https:\/\/serenityaqua.gr\/de\/wp-json\/wp\/v2\/users\/1"}],"replies":[{"embeddable":true,"href":"https:\/\/serenityaqua.gr\/de\/wp-json\/wp\/v2\/comments?post=39"}],"version-history":[{"count":30,"href":"https:\/\/serenityaqua.gr\/de\/wp-json\/wp\/v2\/pages\/39\/revisions"}],"predecessor-version":[{"id":5355,"href":"https:\/\/serenityaqua.gr\/de\/wp-json\/wp\/v2\/pages\/39\/revisions\/5355"}],"wp:attachment":[{"href":"https:\/\/serenityaqua.gr\/de\/wp-json\/wp\/v2\/media?parent=39"}],"curies":[{"name":"wp","href":"https:\/\/api.w.org\/{rel}","templated":true}]}}